{"id":4622,"date":"2017-06-23T14:20:19","date_gmt":"2017-06-23T12:20:19","guid":{"rendered":"https:\/\/berlinkultour.de\/?post_type=product&#038;p=4622"},"modified":"2017-08-02T17:19:09","modified_gmt":"2017-08-02T15:19:09","slug":"buch-neuberliner-migrationsgeschichte-berlins","status":"publish","type":"product","link":"https:\/\/berlinkultour.de\/en\/product\/buch-neuberliner-migrationsgeschichte-berlins\/","title":{"rendered":"Buch: Neuberliner &#8211; Migrationsgeschichte Berlins vom Mittelalter bis heute"},"content":{"rendered":"<p>Die Geschichte Berlins ist eine Geschichte seiner Einwanderer. Sie beginnt mit den ersten Bewohnern der mittelalterlichen Handelssiedlungen C\u00f6lln und Berlin und endet mit den zahlreichen Neuberlinern, die das Stadtbild der heutigen multikulturellen Metropole pr\u00e4gen. Es ist die Migrationsgeschichte der polnischen, t\u00fcrkischen, vietnamesischen und russlanddeutschen Migranten, aber auch die von \u00a0jungen Studenten, K\u00fcnstlern und Kulturinteressierten aus aller Welt.<\/p>\n<p>Dieses Buch erz\u00e4hlt erstmals die Geschichte all jener, die aus der Fremde nach Berlin kamen, um hier Schutz, ihr Gl\u00fcck oder eine Zukunft zu finden. Aus welchen Gr\u00fcnden verlie\u00dfen Einwanderer ihre alte Heimat? Vor welche Herausforderungen sahen sie sich in ihrer neuen Heimat gestellt? Wie reagierten die Einheimischen auf die Neuank\u00f6mmlinge?<\/p>\n<p>Und wie konnte die Integration gelingen? Der Kunst- und Wissenschaftshistoriker Tobias Allers l\u00e4dt ein zu einer anschaulichen Reise in das Leben der Neuberliner von damals und heute und gibt Antworten zur Migrationsgeschichte Berlins.<\/p>\n<h2>Lesung &amp; Bookreleaseparty<\/h2>\n<p>Am Donnerstag, den \u00a027. Juli 2017, findet im Holzmarkt (DingDongDom, Holzmarktstra\u00dfe 25, 10243 Berlin) eine Lesung mit Bookreleaseparty statt. Ihr seid herzlich dazu eingeladen.<\/p>\n<p><a href=\"https:\/\/www.facebook.com\/events\/1357310301056473\/?acontext=%7B%22source%22%3A5%2C%22page_id_source%22%3A610578145676535%2C%22action_history%22%3A[%7B%22surface%22%3A%22page%22%2C%22mechanism%22%3A%22main_list%22%2C%22extra_data%22%3A%22%7B%5C%22page_id%5C%22%3A610578145676535%2C%5C%22tour_id%5C%22%3Anull%7D%22%7D]%2C%22has_source%22%3Atrue%7D\" target=\"_blank\" rel=\"noopener\">FB-Event<\/a><\/p>\n<p>Presse zum Buch:<\/p>\n<p>&#8220;Allers stellt die heutige Debatte auf \u00fcberzeugende Weise in einen historischen Rahmen, das erm\u00f6glicht mehr Gelassenheit beim Umgang mit dem Thema, eine erfreuliche Folge dieser Lekt\u00fcre.&#8221;<\/p>\n<p><a href=\"http:\/\/www.tagesspiegel.de\/berlin\/geschichte-von-flucht-und-migration-gerettet-in-berlin-die-vergangenen-fluechtlingskrisen\/20052204.html\" target=\"_blank\" rel=\"noopener\">&#8211; Tagesspiegel vom 13.07.2017<\/a><\/p>\n<p>&nbsp;<\/p>\n<p>&nbsp;<\/p>\n","protected":false},"excerpt":{"rendered":"<p>Die Geschichte Berlins ist eine Geschichte seiner Einwanderer. Sie beginnt mit den ersten Bewohnern der mittelalterlichen Handelssiedlungen C\u00f6lln und Berlin und endet mit den zahlreichen Neuberlinern, die das Stadtbild der&#8230;<\/p>\n","protected":false},"featured_media":4635,"comment_status":"closed","ping_status":"closed","template":"","meta":[],"product_brand":[],"product_cat":[64],"product_tag":[],"class_list":{"0":"post-4622","1":"product","2":"type-product","3":"status-publish","4":"has-post-thumbnail","6":"product_cat-quiz-buecher","8":"first","9":"instock","10":"taxable","11":"shipping-taxable","12":"purchasable","13":"product-type-simple"},"translation":{"provider":"WPGlobus","version":"3.0.2","language":"en","enabled_languages":["de","en"],"languages":{"de":{"title":true,"content":true,"excerpt":false},"en":{"title":false,"content":false,"excerpt":false}}},"_links":{"self":[{"href":"https:\/\/berlinkultour.de\/en\/wp-json\/wp\/v2\/product\/4622","targetHints":{"allow":["GET"]}}],"collection":[{"href":"https:\/\/berlinkultour.de\/en\/wp-json\/wp\/v2\/product"}],"about":[{"href":"https:\/\/berlinkultour.de\/en\/wp-json\/wp\/v2\/types\/product"}],"replies":[{"embeddable":true,"href":"https:\/\/berlinkultour.de\/en\/wp-json\/wp\/v2\/comments?post=4622"}],"wp:featuredmedia":[{"embeddable":true,"href":"https:\/\/berlinkultour.de\/en\/wp-json\/wp\/v2\/media\/4635"}],"wp:attachment":[{"href":"https:\/\/berlinkultour.de\/en\/wp-json\/wp\/v2\/media?parent=4622"}],"wp:term":[{"taxonomy":"product_brand","embeddable":true,"href":"https:\/\/berlinkultour.de\/en\/wp-json\/wp\/v2\/product_brand?post=4622"},{"taxonomy":"product_cat","embeddable":true,"href":"https:\/\/berlinkultour.de\/en\/wp-json\/wp\/v2\/product_cat?post=4622"},{"taxonomy":"product_tag","embeddable":true,"href":"https:\/\/berlinkultour.de\/en\/wp-json\/wp\/v2\/product_tag?post=4622"}],"curies":[{"name":"wp","href":"https:\/\/api.w.org\/{rel}","templated":true}]}}