{"id":75899,"date":"2022-08-17T13:18:16","date_gmt":"2022-08-17T11:18:16","guid":{"rendered":"https:\/\/berlinkultour.de\/?post_type=product&#038;p=75899"},"modified":"2026-02-25T11:29:34","modified_gmt":"2026-02-25T09:29:34","slug":"berlin-quiz","status":"publish","type":"product","link":"https:\/\/berlinkultour.de\/en\/shop\/Berlin-quiz","title":{"rendered":"Berlin Quiz 100 spannende Fragen &#038; Antworten rund um Berlin"},"content":{"rendered":"<p>Zu den <a href=\"https:\/\/berlinkultour.de\/allgemein\/stadtfuehrungen\/\">F\u00fchrungen durch die Stadt<\/a> gibt es nun auch das passende Berlin Quiz von Tobi Allers mit 100 Fragen &amp; Antworten! Die Vielfalt der Fragen sind ebenso vielf\u00e4ltig wie die Touren.<\/p>\n<p>Wer schon einmal auf einer F\u00fchrung von Tobi dabei war, wird seinen Stil auch in den Fragen wieder erkennen. Sie sind mit viel Liebe zum Detail herausgesucht und vielen spannenden Hintergrundinformationen angereichert, die sonst h\u00e4ufig vergessen werden. Sie ersetzen eine F\u00fchrung nat\u00fcrlich nicht, aber laden ein die Stadt von zu Hause aus spielerisch zu erkunden.<\/p>\n<p>Es geht um preu\u00dfische K\u00f6nige und die Berliner Clubs ebenso wie um den Fernsehturm und nachhaltige Caf\u00e9s. Wer gerne wissen m\u00f6chte was das besondere an Berlins \u00e4ltester Kirche ist oder was der Club Berghain eigentlich fr\u00fcher war, ist hier an der richtigen Adresse. Und was war eigentlich der Boros Bunker bevor er zur wahrscheinlich wichtigsten Privatsammlung der Stadt wurde?<\/p>\n<p>Das Berlin Quiz deckt verschiedene Themengebiete zu Stadtentwicklung, Architektur, \u00a0Migrationsgeschichte, Gentrifizierung, den Zwanziger Jahren, der Kunstszene, Street Art, Sport und der Clubkultur ab und spiegelt so die verschiedenen Facetten der Stadt wider.<\/p>\n<p>Denn jede Ecke hier hat ihre eigene interessante Story!<\/p>\n<p>Das Berlin Quiz erscheint am 09.09.22 und kann ab sofort vorbestellt werden.<\/p>\n<p>Zur Ver\u00f6ffentlichung findet am 29.09.22 ein Pubquizabend im <a href=\"https:\/\/www.birgit.club\" target=\"_blank\" rel=\"noopener\">Birgit &amp; Bier<\/a> \u00a0ab 19.00 Uhr statt. Ich freue mich auf alle die Lust haben vorbeizukommen!<\/p>\n","protected":false},"excerpt":{"rendered":"<p>Zu den F\u00fchrungen durch die Stadt gibt es nun auch das passende Berlin Quiz von Tobi Allers mit 100 Fragen &amp; Antworten! Die Vielfalt der Fragen sind ebenso vielf\u00e4ltig wie&#8230;<\/p>\n","protected":false},"featured_media":75955,"comment_status":"open","ping_status":"closed","template":"","meta":[],"product_brand":[],"product_cat":[64],"product_tag":[],"class_list":{"0":"post-75899","1":"product","2":"type-product","3":"status-publish","4":"has-post-thumbnail","6":"product_cat-quiz-buecher","8":"first","9":"instock","10":"taxable","11":"shipping-taxable","12":"purchasable","13":"product-type-simple"},"translation":{"provider":"WPGlobus","version":"3.0.2","language":"en","enabled_languages":["de","en"],"languages":{"de":{"title":true,"content":true,"excerpt":false},"en":{"title":false,"content":false,"excerpt":false}}},"_links":{"self":[{"href":"https:\/\/berlinkultour.de\/en\/wp-json\/wp\/v2\/product\/75899","targetHints":{"allow":["GET"]}}],"collection":[{"href":"https:\/\/berlinkultour.de\/en\/wp-json\/wp\/v2\/product"}],"about":[{"href":"https:\/\/berlinkultour.de\/en\/wp-json\/wp\/v2\/types\/product"}],"replies":[{"embeddable":true,"href":"https:\/\/berlinkultour.de\/en\/wp-json\/wp\/v2\/comments?post=75899"}],"wp:featuredmedia":[{"embeddable":true,"href":"https:\/\/berlinkultour.de\/en\/wp-json\/wp\/v2\/media\/75955"}],"wp:attachment":[{"href":"https:\/\/berlinkultour.de\/en\/wp-json\/wp\/v2\/media?parent=75899"}],"wp:term":[{"taxonomy":"product_brand","embeddable":true,"href":"https:\/\/berlinkultour.de\/en\/wp-json\/wp\/v2\/product_brand?post=75899"},{"taxonomy":"product_cat","embeddable":true,"href":"https:\/\/berlinkultour.de\/en\/wp-json\/wp\/v2\/product_cat?post=75899"},{"taxonomy":"product_tag","embeddable":true,"href":"https:\/\/berlinkultour.de\/en\/wp-json\/wp\/v2\/product_tag?post=75899"}],"curies":[{"name":"wp","href":"https:\/\/api.w.org\/{rel}","templated":true}]}}